{"id":12,"date":"2026-01-17T15:11:18","date_gmt":"2026-01-17T15:11:18","guid":{"rendered":"http:\/\/garagekose.be\/?page_id=12"},"modified":"2026-01-31T17:58:47","modified_gmt":"2026-01-31T17:58:47","slug":"home","status":"publish","type":"page","link":"https:\/\/garagekose.be\/","title":{"rendered":"Home"},"content":{"rendered":"\n<div class=\"wp-block-cover alignfull wp-duotone-unset-1\" style=\"border-style:none;border-width:0px;min-height:613px;aspect-ratio:unset;\"><img loading=\"lazy\" decoding=\"async\" width=\"1024\" height=\"584\" class=\"wp-block-cover__image-background wp-image-38 size-large\" alt=\"\" src=\"http:\/\/garagekose.be\/wp-content\/uploads\/2026\/01\/18699714_1319847328051995_8213276406827433825_oSQDF-1024x584.jpg\" style=\"object-position:47% 0%\" data-object-fit=\"cover\" data-object-position=\"47% 0%\" srcset=\"https:\/\/garagekose.be\/wp-content\/uploads\/2026\/01\/18699714_1319847328051995_8213276406827433825_oSQDF-1024x584.jpg 1024w, https:\/\/garagekose.be\/wp-content\/uploads\/2026\/01\/18699714_1319847328051995_8213276406827433825_oSQDF-300x171.jpg 300w, https:\/\/garagekose.be\/wp-content\/uploads\/2026\/01\/18699714_1319847328051995_8213276406827433825_oSQDF-768x438.jpg 768w, https:\/\/garagekose.be\/wp-content\/uploads\/2026\/01\/18699714_1319847328051995_8213276406827433825_oSQDF-1536x876.jpg 1536w, https:\/\/garagekose.be\/wp-content\/uploads\/2026\/01\/18699714_1319847328051995_8213276406827433825_oSQDF.jpg 2048w\" sizes=\"auto, (max-width: 1024px) 100vw, 1024px\" \/><span aria-hidden=\"true\" class=\"wp-block-cover__background has-background-dim-80 has-background-dim wp-block-cover__gradient-background has-background-gradient\" style=\"background:linear-gradient(180deg,rgb(0,0,0) 56%,rgba(255,255,255,0) 83%)\"><\/span><div class=\"wp-block-cover__inner-container is-layout-constrained wp-container-core-cover-is-layout-27f0bd03 wp-block-cover-is-layout-constrained\">\n<h2 class=\"wp-block-heading has-text-align-left\"><br><br><\/h2>\n\n\n\n<p class=\"has-text-align-left\" style=\"font-size:18px;font-style:normal;font-weight:500;letter-spacing:1.7px;line-height:1.3\">Achat \u2022 vente \u2022 d\u00e9p\u00f4t \u2022 \u00e9change<\/p>\n\n\n\n<p style=\"border-style:none;border-width:0px;border-top-left-radius:0px;border-top-right-radius:0px;border-bottom-left-radius:0px;border-bottom-right-radius:0px;margin-top:var(--wp--preset--spacing--40);margin-bottom:var(--wp--preset--spacing--40);padding-top:0;padding-right:0;padding-bottom:0;padding-left:0;font-size:90px;font-style:normal;font-weight:700;letter-spacing:0px;line-height:1.1\">Bienvenue chez <\/p>\n\n\n\n<p style=\"border-style:none;border-width:0px;border-top-left-radius:0px;border-top-right-radius:0px;border-bottom-left-radius:0px;border-bottom-right-radius:0px;margin-top:var(--wp--preset--spacing--40);margin-bottom:var(--wp--preset--spacing--40);padding-top:0;padding-right:0;padding-bottom:0;padding-left:0;font-size:90px;font-style:normal;font-weight:700;letter-spacing:0px;line-height:1.1\">Garage Kose<\/p>\n\n\n\n<p class=\"has-text-color has-link-color wp-elements-87cfb6e76f7fc64173a35deac6bc5f08\" style=\"color:#f1f1f1;font-size:21px;font-style:normal;font-weight:400\">Des professionnels de l\u2019automobile \u00e0 votre \u00e9coute pour vous proposer des v\u00e9hicules soigneusement s\u00e9lectionn\u00e9s, au meilleur prix et en toute transparence.<\/p>\n\n\n\n<div class=\"wp-block-buttons is-layout-flex wp-block-buttons-is-layout-flex\" style=\"padding-top:26px;padding-right:14px;padding-bottom:26px;padding-left:14px\">\n<div class=\"wp-block-button\"><a class=\"wp-block-button__link wp-element-button\" style=\"border-top-left-radius:999px;border-top-right-radius:999px;border-bottom-left-radius:999px;border-bottom-right-radius:999px\">Trouver mon v\u00e9hicule<\/a><\/div>\n\n\n\n<div class=\"wp-block-button\"><a class=\"wp-block-button__link wp-element-button\" href=\"http:\/\/garagekose.be\/index.php\/reprise\/\">Vendre ma voiture<\/a><\/div>\n<\/div>\n<\/div><\/div>\n\n\n\n<p><\/p>\n\n\n\n<h2 class=\"wp-block-heading alignfull has-text-align-center has-text-color has-link-color wp-elements-5e69d9566f14cf876552df8ada204bcc\" style=\"color:#f5c542\">Votre sp\u00e9cialiste de l&#8217;OCCASION GARANTIE !<\/h2>\n\n\n\n<div class=\"wp-block-columns alignfull has-background is-layout-flex wp-container-core-columns-is-layout-5615e7d1 wp-block-columns-is-layout-flex\" style=\"background:linear-gradient(80deg,rgb(0,0,0) 0%,rgb(251,251,251) 70%);margin-top:0;margin-bottom:0;padding-top:var(--wp--preset--spacing--50);padding-right:var(--wp--preset--spacing--20);padding-bottom:var(--wp--preset--spacing--50);padding-left:var(--wp--preset--spacing--20)\">\n<div class=\"wp-block-column is-vertically-aligned-center is-layout-flow wp-block-column-is-layout-flow\">\n<figure class=\"wp-block-image alignright size-full is-style-default wp-duotone-grayscale\" style=\"margin-top:0;margin-bottom:0\"><img loading=\"lazy\" decoding=\"async\" width=\"1024\" height=\"768\" src=\"http:\/\/garagekose.be\/wp-content\/uploads\/2026\/01\/Design-sans-titre-4-1.png\" alt=\"\" class=\"wp-image-70\" srcset=\"https:\/\/garagekose.be\/wp-content\/uploads\/2026\/01\/Design-sans-titre-4-1.png 1024w, https:\/\/garagekose.be\/wp-content\/uploads\/2026\/01\/Design-sans-titre-4-1-300x225.png 300w, https:\/\/garagekose.be\/wp-content\/uploads\/2026\/01\/Design-sans-titre-4-1-768x576.png 768w\" sizes=\"auto, (max-width: 1024px) 100vw, 1024px\" \/><\/figure>\n<\/div>\n\n\n\n<div class=\"wp-block-column has-background is-layout-flow wp-block-column-is-layout-flow\" style=\"background:linear-gradient(114deg,rgb(255,247,183) 0%,rgb(255,255,255) 14%)\">\n<h2 class=\"wp-block-heading has-text-align-center has-ast-global-color-8-color has-text-color has-link-color wp-elements-010a73cee7566110c7cb0ce947446956\" style=\"margin-top:var(--wp--preset--spacing--20);margin-right:var(--wp--preset--spacing--20);margin-bottom:var(--wp--preset--spacing--20);margin-left:var(--wp--preset--spacing--20);font-size:46px\"><strong>Garage Kose<\/strong><\/h2>\n\n\n\n<h3 class=\"wp-block-heading has-text-align-center has-black-color has-text-color has-link-color wp-elements-dd95b063bb592bc247404d3fb1f1f082\" style=\"margin-top:var(--wp--preset--spacing--20);margin-right:var(--wp--preset--spacing--20);margin-bottom:var(--wp--preset--spacing--20);margin-left:var(--wp--preset--spacing--20);font-size:41px\"><strong>bien plus qu\u2019un garage<\/strong><\/h3>\n\n\n\n<p class=\"has-ast-global-color-2-color has-text-color has-link-color wp-elements-34a45f95029c600d98a188afb01725c3\">Chez Garage Kose, chaque v\u00e9hicule est s\u00e9lectionn\u00e9 avec rigueur.<br>Nous mettons un point d\u2019honneur \u00e0 proposer des voitures fiables,<br>contr\u00f4l\u00e9es et pr\u00eates \u00e0 prendre la route en toute s\u00e9r\u00e9nit\u00e9.<\/p>\n\n\n\n<ul class=\"wp-block-list has-ast-global-color-2-color has-text-color has-link-color wp-elements-f2ea6089dd530e53501a148ec9f3116b\">\n<li class=\"has-ast-global-color-2-color has-text-color has-link-color wp-elements-dbf27b43b3b6cc00028964d4cb3147d7\">V\u00e9hicules v\u00e9rifi\u00e9s et entretenus<\/li>\n\n\n\n<li class=\"has-ast-global-color-2-color has-text-color has-link-color wp-elements-fa9da6b75435b0134d618b3a2e1982b3\">Historique clair (CAR-PASS)<\/li>\n\n\n\n<li class=\"has-ast-global-color-2-color has-text-color has-link-color wp-elements-e6db9c0fd08a73223df174d570ca4807\" style=\"border-style:none;border-width:0px;padding-top:0;padding-bottom:0\">Reprise simple et rapide<\/li>\n\n\n\n<li class=\"has-ast-global-color-2-color has-text-color has-link-color wp-elements-a92044333da7daff976bf17f86f791e0\">Service professionnel et humain<\/li>\n<\/ul>\n\n\n\n<div class=\"wp-block-buttons is-layout-flex wp-block-buttons-is-layout-flex\">\n<div class=\"wp-block-button\"><a class=\"wp-block-button__link wp-element-button\" href=\"http:\/\/garagekose.be\/index.php\/contact\/\">En savoir plus <\/a><\/div>\n<\/div>\n<\/div>\n<\/div>\n\n\n\n<div class=\"wp-block-columns alignfull is-layout-flex wp-container-core-columns-is-layout-28f84493 wp-block-columns-is-layout-flex\">\n<div class=\"wp-block-column is-vertically-aligned-center is-layout-flow wp-block-column-is-layout-flow\" style=\"flex-basis:66.66%\">\n<h2 class=\"wp-block-heading alignfull\" style=\"padding-top:0px;padding-bottom:0px;font-size:36px\">Les meilleurs v\u00e9hicules d&#8217;occasion&nbsp;pour vous<\/h2>\n<\/div>\n\n\n\n<div class=\"wp-block-column is-layout-flow wp-block-column-is-layout-flow\" style=\"flex-basis:33.33%\">\n<div class=\"wp-block-buttons is-content-justification-right is-layout-flex wp-container-core-buttons-is-layout-56c9de21 wp-block-buttons-is-layout-flex\">\n<div class=\"wp-block-button\"><a class=\"wp-block-button__link wp-element-button\" href=\"http:\/\/garagekose.be\/index.php\/nos-vehicules\/\">Trouver mon v\u00e9hicule<\/a><\/div>\n<\/div>\n<\/div>\n<\/div>\n\n\n\n<div class=\"wp-block-group alignwide is-layout-constrained wp-container-core-group-is-layout-45b0ac4f wp-block-group-is-layout-constrained\" id=\"services\" style=\"padding-top:144px;padding-bottom:0px\">\n<h2 class=\"wp-block-heading\">Nos services<\/h2>\n\n\n\n<div class=\"wp-block-columns alignfull is-layout-flex wp-container-core-columns-is-layout-60cbf9bb wp-block-columns-is-layout-flex\" style=\"margin-top:50px\">\n<div class=\"wp-block-column is-layout-flow wp-container-core-column-is-layout-6b73ce23 wp-block-column-is-layout-flow\">\n<figure class=\"wp-block-image size-full is-resized\"><img loading=\"lazy\" decoding=\"async\" width=\"800\" height=\"1067\" src=\"http:\/\/garagekose.be\/wp-content\/uploads\/2026\/01\/image-garentie-acceuil-edited.png\" alt=\"\" class=\"wp-image-85\" style=\"aspect-ratio:0.7497711879919459;width:373px;height:auto\" srcset=\"https:\/\/garagekose.be\/wp-content\/uploads\/2026\/01\/image-garentie-acceuil-edited.png 800w, https:\/\/garagekose.be\/wp-content\/uploads\/2026\/01\/image-garentie-acceuil-edited-225x300.png 225w, https:\/\/garagekose.be\/wp-content\/uploads\/2026\/01\/image-garentie-acceuil-edited-768x1024.png 768w\" sizes=\"auto, (max-width: 800px) 100vw, 800px\" \/><\/figure>\n\n\n\n<h3 class=\"wp-block-heading\" style=\"margin-top:16px\">Garantie<\/h3>\n\n\n\n<p><strong>Garantie &amp; S\u00e9r\u00e9nit\u00e9<\/strong> V\u00e9hicules r\u00e9vis\u00e9s, garantis et certifi\u00e9s Car-Pass. Avec le Garage Kose, roulez l&#8217;esprit tranquille : kilom\u00e9trage authentique et entretien complet inclus.<\/p>\n<\/div>\n\n\n\n<div class=\"wp-block-column is-layout-flow wp-container-core-column-is-layout-6b73ce23 wp-block-column-is-layout-flow\">\n<figure class=\"wp-block-image size-full is-resized\"><img loading=\"lazy\" decoding=\"async\" width=\"608\" height=\"811\" src=\"http:\/\/garagekose.be\/wp-content\/uploads\/2026\/01\/Gemini_Generated_Image_44i0dx44i0dx44i0-edited-1.png\" alt=\"\" class=\"wp-image-91\" style=\"width:373px;height:auto\" srcset=\"https:\/\/garagekose.be\/wp-content\/uploads\/2026\/01\/Gemini_Generated_Image_44i0dx44i0dx44i0-edited-1.png 608w, https:\/\/garagekose.be\/wp-content\/uploads\/2026\/01\/Gemini_Generated_Image_44i0dx44i0dx44i0-edited-1-225x300.png 225w\" sizes=\"auto, (max-width: 608px) 100vw, 608px\" \/><\/figure>\n\n\n\n<h3 class=\"wp-block-heading\" style=\"margin-top:16px\">Reprise<\/h3>\n\n\n\n<p><strong>Reprise de votre v\u00e9hicule chez Garage Kose<\/strong> Vous changez de voiture ? Nous rachetons l&#8217;ancienne au prix juste. Profitez d&#8217;une estimation gratuite par nos experts pour financer sereinement votre prochain mod\u00e8le parmi notre stock..<\/p>\n\n\n\n<div class=\"wp-block-buttons is-content-justification-center is-layout-flex wp-container-core-buttons-is-layout-b5994976 wp-block-buttons-is-layout-flex\">\n<div class=\"wp-block-button\"><a class=\"wp-block-button__link wp-element-button\" href=\"http:\/\/garagekose.be\/index.php\/reprise\/\">Vendre une voiture<\/a><\/div>\n<\/div>\n<\/div>\n\n\n\n<div class=\"wp-block-column is-layout-flow wp-container-core-column-is-layout-6b73ce23 wp-block-column-is-layout-flow\">\n<figure class=\"wp-block-image size-full is-resized\"><img loading=\"lazy\" decoding=\"async\" width=\"768\" height=\"1024\" src=\"http:\/\/garagekose.be\/wp-content\/uploads\/2026\/01\/Gemini_Generated_Image_u39drbu39drbu39d-edited.png\" alt=\"\" class=\"wp-image-88\" style=\"width:374px;height:auto\" srcset=\"https:\/\/garagekose.be\/wp-content\/uploads\/2026\/01\/Gemini_Generated_Image_u39drbu39drbu39d-edited.png 768w, https:\/\/garagekose.be\/wp-content\/uploads\/2026\/01\/Gemini_Generated_Image_u39drbu39drbu39d-edited-225x300.png 225w\" sizes=\"auto, (max-width: 768px) 100vw, 768px\" \/><\/figure>\n\n\n\n<h3 class=\"wp-block-heading\" style=\"margin-top:16px\">Atelier &amp; Entretien<\/h3>\n\n\n\n<p>Confiez votre v\u00e9hicule \u00e0 nos experts. De la r\u00e9vision annuelle aux r\u00e9parations complexes, notre \u00e9quipe technique assure le suivi complet de votre voiture pour garantir votre s\u00e9curit\u00e9 et la long\u00e9vit\u00e9 de votre moteur.<\/p>\n<\/div>\n<\/div>\n<\/div>\n\n\n\n<div class=\"wp-block-columns alignfull is-layout-flex wp-container-core-columns-is-layout-1da14fc4 wp-block-columns-is-layout-flex\" style=\"padding-top:0;padding-right:var(--wp--preset--spacing--20);padding-bottom:0;padding-left:var(--wp--preset--spacing--20)\">\n<div class=\"wp-block-column is-layout-flow wp-block-column-is-layout-flow\" style=\"flex-basis:100%\">\n<div class=\"kose-full-wrapper\">\n    <section class=\"kose-reviews\">\n        <h2 class=\"kose-title\">L&#8217;EXP\u00c9RIENCE GARAGE KOSE<\/h2>\n        <div class=\"kose-carousel\">\n            <div class=\"kose-card\">\n                <div class=\"kose-stars\">\u2605\u2605\u2605\u2605\u2605<\/div>\n                <h4 class=\"kose-client\">DAV<\/h4>\n                <p class=\"kose-text\">&#8220;Garage tr\u00e8s professionnel. Personnel accueillant. Le patron toujours \u00e0 l&#8217;\u00e9coute. J&#8217;ai surtout aim\u00e9 les propositions faites en fonction de mon profil d&#8217;acheteur (budget, pr\u00e9f\u00e9rence&#8230;). V\u00e9hicule en bon \u00e9tat et dispose d&#8217;un garage m\u00e9canique tr\u00e8s moderne.&#8221;<\/p>\n            <\/div>\n            <div class=\"kose-card\">\n                <div class=\"kose-stars\">\u2605\u2605\u2605\u2605\u2605<\/div>\n                <h4 class=\"kose-client\">Bastio<\/h4>\n                <p class=\"kose-text\">&#8220;Tout s&#8217;est super bien pass\u00e9 de la 1\u00e8re visite jusqu&#8217;\u00e0 la vente. Le vendeur a \u00e9t\u00e9 tr\u00e8s disponible, sans pression. J&#8217;ai pu tester la voiture. V\u00e9hicule propre, r\u00e9vis\u00e9 avec carpass et 1 an de garantie. Ma premi\u00e8re exp\u00e9rience chez KOSE a \u00e9t\u00e9 tr\u00e8s concluante ! Je recommande !&#8221;<\/p>\n            <\/div>\n            <div class=\"kose-card\">\n                <div class=\"kose-stars\">\u2605\u2605\u2605\u2605\u2605<\/div>\n                <h4 class=\"kose-client\">Kimberlay<\/h4>\n                <p class=\"kose-text\">&#8220;L&#8217;accueil par le vendeur est chaleureuse, il est tr\u00e8s qualifi\u00e9 et prend le temps de r\u00e9pondre \u00e0 nos questions avec un suivi durant 12 mois. Je recommande chaleureusement ce garage \u00e0 mes connaissances, merci pour l&#8217;accueil !&#8221;<\/p>\n            <\/div>\n        <\/div>\n    <\/section>\n\n    <section class=\"kose-promo-black\">\n        <div class=\"kose-content-container\">\n            <div class=\"kose-info-side\">\n                <h3>ACHETEZ VOTRE VOITURE <br><span class=\"gold\">EN TOUTE SIMPLICIT\u00c9<\/span><\/h3>\n                <p class=\"kose-description\">Avec le Garage Kose, acheter ou vendre un v\u00e9hicule n&#8217;a jamais \u00e9t\u00e9 aussi simple et s\u00e9curis\u00e9. Confiez-nous votre projet et soyez zen, on s&#8217;occupe de tout.<\/p>\n                \n                <div class=\"kose-grid-icons\">\n                    <div class=\"kose-icon-box\">\n                        <span class=\"emoji\">\ud83d\ude97<\/span>\n                        <div><strong>V\u00c9HICULES<\/strong><br><span class=\"gold\">GARANTIS<\/span><\/div>\n                    <\/div>\n                    <div class=\"kose-icon-box\">\n                        <span class=\"emoji\">\ud83d\uddd3\ufe0f<\/span>\n                        <div><strong>30 ANS<\/strong><br><span class=\"gold\">D&#8217;EXP\u00c9RIENCE<\/span><\/div>\n                    <\/div>\n                    <div class=\"kose-icon-box\">\n                        <span class=\"emoji\">\ud83d\udd12<\/span>\n                        <div><strong>PAIEMENT<\/strong><br><span class=\"gold\">S\u00c9CURIS\u00c9<\/span><\/div>\n                    <\/div>\n                    <div class=\"kose-icon-box\">\n                        <span class=\"emoji\">\ud83d\ude9a<\/span>\n                        <div><strong>LIVRAISON<\/strong><br><span class=\"gold\">TOUTE LA BELGIQUE<\/span><\/div>\n                    <\/div>\n                <\/div>\n            <\/div>\n            <div class=\"kose-photo-side\">\n                <img decoding=\"async\" src=\"http:\/\/garagekose.be\/wp-content\/uploads\/2026\/01\/ChatGPT-Image-21-janv.-2026-15_22_45-1-edited.jpg\" alt=\"Garage Kose\" class=\"img-overlap\">\n            <\/div>\n        <\/div>\n    <\/section>\n<\/div>\n<\/div>\n<\/div>\n\n\n\n<p><\/p>\n","protected":false},"excerpt":{"rendered":"<p>Votre sp\u00e9cialiste de l&#8217;OCCASION GARANTIE ! Garage Kose bien plus qu\u2019un garage Chez Garage Kose, chaque v\u00e9hicule est s\u00e9lectionn\u00e9 avec [&hellip;]<\/p>\n","protected":false},"author":1,"featured_media":0,"parent":2,"menu_order":0,"comment_status":"closed","ping_status":"closed","template":"","meta":{"site-sidebar-layout":"no-sidebar","site-content-layout":"plain-container","ast-site-content-layout":"","site-content-style":"default","site-sidebar-style":"default","ast-global-header-display":"","ast-banner-title-visibility":"","ast-main-header-display":"","ast-hfb-above-header-display":"","ast-hfb-below-header-display":"","ast-hfb-mobile-header-display":"","site-post-title":"disabled","ast-breadcrumbs-content":"","ast-featured-img":"","footer-sml-layout":"","theme-transparent-header-meta":"enabled","adv-header-id-meta":"","stick-header-meta":"","header-above-stick-meta":"","header-main-stick-meta":"","header-below-stick-meta":"","astra-migrate-meta-layouts":"default","ast-page-background-enabled":"default","ast-page-background-meta":{"desktop":{"background-color":"var(--ast-global-color-4)","background-image":"","background-repeat":"repeat","background-position":"center center","background-size":"auto","background-attachment":"scroll","background-type":"","background-media":"","overlay-type":"","overlay-color":"","overlay-gradient":""},"tablet":{"background-color":"","background-image":"","background-repeat":"repeat","background-position":"center center","background-size":"auto","background-attachment":"scroll","background-type":"","background-media":"","overlay-type":"","overlay-color":"","overlay-gradient":""},"mobile":{"background-color":"","background-image":"","background-repeat":"repeat","background-position":"center center","background-size":"auto","background-attachment":"scroll","background-type":"","background-media":"","overlay-type":"","overlay-color":"","overlay-gradient":""}},"ast-content-background-meta":{"desktop":{"background-color":"var(--ast-global-color-5)","background-image":"","background-repeat":"repeat","background-position":"center center","background-size":"auto","background-attachment":"scroll","background-type":"","background-media":"","overlay-type":"","overlay-color":"","overlay-gradient":""},"tablet":{"background-color":"var(--ast-global-color-5)","background-image":"","background-repeat":"repeat","background-position":"center center","background-size":"auto","background-attachment":"scroll","background-type":"","background-media":"","overlay-type":"","overlay-color":"","overlay-gradient":""},"mobile":{"background-color":"var(--ast-global-color-5)","background-image":"","background-repeat":"repeat","background-position":"center center","background-size":"auto","background-attachment":"scroll","background-type":"","background-media":"","overlay-type":"","overlay-color":"","overlay-gradient":""}},"footnotes":""},"class_list":["post-12","page","type-page","status-publish","hentry"],"_links":{"self":[{"href":"https:\/\/garagekose.be\/index.php\/wp-json\/wp\/v2\/pages\/12","targetHints":{"allow":["GET"]}}],"collection":[{"href":"https:\/\/garagekose.be\/index.php\/wp-json\/wp\/v2\/pages"}],"about":[{"href":"https:\/\/garagekose.be\/index.php\/wp-json\/wp\/v2\/types\/page"}],"author":[{"embeddable":true,"href":"https:\/\/garagekose.be\/index.php\/wp-json\/wp\/v2\/users\/1"}],"replies":[{"embeddable":true,"href":"https:\/\/garagekose.be\/index.php\/wp-json\/wp\/v2\/comments?post=12"}],"version-history":[{"count":52,"href":"https:\/\/garagekose.be\/index.php\/wp-json\/wp\/v2\/pages\/12\/revisions"}],"predecessor-version":[{"id":200,"href":"https:\/\/garagekose.be\/index.php\/wp-json\/wp\/v2\/pages\/12\/revisions\/200"}],"up":[{"embeddable":true,"href":"https:\/\/garagekose.be\/index.php\/wp-json\/wp\/v2\/pages\/2"}],"wp:attachment":[{"href":"https:\/\/garagekose.be\/index.php\/wp-json\/wp\/v2\/media?parent=12"}],"curies":[{"name":"wp","href":"https:\/\/api.w.org\/{rel}","templated":true}]}}